{"id":33,"date":"2025-10-20T09:42:31","date_gmt":"2025-10-20T09:42:31","guid":{"rendered":"https:\/\/pokertexaswalter.com\/?page_id=33"},"modified":"2025-10-28T10:46:03","modified_gmt":"2025-10-28T09:46:03","slug":"regolamento","status":"publish","type":"page","link":"https:\/\/pokertexaswalter.com\/it\/regolamento\/","title":{"rendered":"Regolamento"},"content":{"rendered":"<div class=\"wpb-content-wrapper\"><p>[vc_row][vc_column]<div class=\"gem-button-container gem-button-position-center thegem-button-69e4a048e88cc3608    \"  ><a title=\"https:\/\/pokertexaswalter.com\/it\/facciata-ptwpoker-texas-walter-ultima-stesura-combinato\/\" class=\"gem-button gem-button-size-small gem-button-style-flat gem-button-text-weight-normal gem-button-icon-position-left\" data-ll-effect=\"drop-right-without-wrap\" style=\"border-radius: 3px;\" onmouseleave=\"\" onmouseenter=\"\" href=\"https:\/\/pokertexaswalter.com\/it\/facciata-ptwpoker-texas-walter-ultima-stesura-combinato\/\" target=\"_blank\"><i class=\"gem-print-icon gem-icon-pack-material \">&#xf299;<\/i>Scarica il regolamento in PDF<\/a><\/div> [\/vc_column][\/vc_row][vc_row][vc_column][vc_column_text]<\/p>\n<h2>REGOLAMENTO DEL POKER TEXAS WALTER<\/h2>\n<p>[\/vc_column_text][vc_column_text]Per giocare al <strong>POKER TEXAS WALTER<\/strong>, si utilizza un mazzo di carte francesi, escludendo i jolly, per un totale di <strong>52 carte<\/strong>. Praticamente si usano 13 carte per ogni seme cio\u00e8 nove carte numerate (dal 2 al 10), poi il Jack, la Donna, il Re e l\u2019asso. Il 2 ha il valore pi\u00f9 basso e l&#8217;asso quello pi\u00f9 alto. Quattro semi: picche, cuori, quadri e fiori. Giocando con un mazzo di carte, <strong>il numero dei giocatori va da un minimo di due ad un massimo di dieci<\/strong>.[\/vc_column_text][vc_column_text]<\/p>\n<h3>CARATTERISTICA PRINCIPALE DEL POKER TEXAS WALTER<\/h3>\n<p>Ad ogni giocatore vengono servite <strong>due carte personali<\/strong> (pocket cards) che vengono tenute coperte e <strong>obbligatoriamente dovranno \u201centrambe&#8221; essere usate per la composizione finale del punto migliore<\/strong>, legando le due proprie carte con tre delle cinque carte comuni che vengono scoperte al centro del tavolo in tre azioni distinte: tre carte al flop, una al turn ed una al river. A questo punto ogni giocatore, ancora in gioco, <strong>sceglie tre delle carte comuni per legarle alle sue due carte personali<\/strong>, che obbligatoriamente dovranno entrambe essere usate per la realizzazione del punto finale e migliore.[\/vc_column_text][vc_column_text]<\/p>\n<h3>PUNTI REALIZZABILI<\/h3>\n<ul>\n<li>Carta alta + seconda carta: high card + kiker<\/li>\n<li>Coppia: pair<\/li>\n<li>Doppia coppia: two pair<\/li>\n<li>Tris: three of a kind<\/li>\n<li>Scala: straight<\/li>\n<li>Colore: flush<\/li>\n<li>Full: full house or boat<\/li>\n<li>Poker: Four of a kind<\/li>\n<li>Scala colore: straight flush<\/li>\n<li>Scala reale: royal flush<\/li>\n<\/ul>\n<p>[\/vc_column_text][vc_column_text]I punti descritti sono in comune con il Poker Texas Hold\u2019em, come lo svolgimento del gioco: la distribuzione delle carte personali, le azioni per scoprire le carte comuni a tavola, la composizione del tavolo: il bottone (dealer), piccolo e grande buio, le azioni pre flop, post flop, turn e river. A differenza del Poker Texas Hold&#8217;em nel Poker Texas Walter per realizzare uno dei punti descritti, dovranno essere usate obbligatoriamente <strong>entrambe le carte personali scegliendo tre delle carte comuni a tavola<\/strong>.[\/vc_column_text][vc_column_text]Per vincere una mano bisogna avere una<strong> combinazione di carte migliore di quelle degli avversari rimasti in gioco<\/strong> al momento dello showdown, cio\u00e8 alla scopertura delle carte personali, oppure aver fatto una puntata che nessun altro giocatore \u00e8 disposto a vedere.[\/vc_column_text][vc_column_text]<\/p>\n<h3>SPLIT O PAREGGIO<\/h3>\n<p>La caratteristica del P.T. Walter \u00e8 che non esiste lo SPLIT a tavola, ma solo in mano. Con una eccezione. Facciamo ordine: con la regola di dover usare entrambe le carte personali si evince che:<\/p>\n<ol>\n<li>Due carte uguali, cio\u00e8 una <strong>coppia<\/strong>, non avr\u00e0 mai la possibilit\u00e0 di realizzare il punto del colore o scala colore o scala reale, quindi allo showdown tra due giocatori, se hanno come carte personali due coppie uguali si avr\u00e0 lo SPLIT.<\/li>\n<li>Se allo showdown due o pi\u00f9 giocatori (max. Quattro) hanno dei connectors (due carte in scala con una distanza massima di tre carte tra una carta e l&#8217;altra) uguali si ha lo SPLIT immediato.<\/li>\n<li>Se allo showdown, prima del river, uno dei giocatori ha dei connectors dello stesso seme si proceder\u00e0 a scoprire le carte comuni finch\u00e9 si capir\u00e0 se il giocatore potr\u00e0 realizzare il suo progetto (draw). Se questa possibilit\u00e0 viene negata dal numero delle carte dello stesso seme presenti sul tavolo e dello stesso seme di quelle personali del giocatore, si proceder\u00e0 allo SPLIT.<\/li>\n<li>Lo stesso procedimento descritto nel punto 3 verr\u00e0 effettuato se allo showdown prima del river a parit\u00e0 di valore delle carte personali se uno o pi\u00f9 giocatori (max. Quattro) ha due carte a colore (dello stesso seme).<\/li>\n<\/ol>\n<p>Dalle regole fin&#8217;ora enunciate si evince che le due carte personali, se non sono dei connectors non possono realizzare una scala e se non sono dello stesso seme non possono realizzare un colore o scala colore o scala reale.[\/vc_column_text][vc_column_text]<\/p>\n<h3>ECCEZIONE ALLA REGOLA DELLO SPLIT A TAVOLA<\/h3>\n<p>Lo SPLIT a tavola, avviene allo showdown se i giocatori mostrano il punto della scala dello stesso valore, anche se i connectors sono diversi tra un giocatore e l&#8217;altro.<\/p>\n<p><em><strong>Esempio<\/strong>: a tavola ci sono quattro quinti di scala: 5,6,7,8, giocatore 1 ha 8,9 e giocatore 2 ha 5,9 avviene lo SPLIT<\/em><\/p>\n<ul>\n<li><strong>A tavola<\/strong>: scala 5, 6, 7, 8, 9<\/li>\n<li><strong>Giocatore 1<\/strong>: carte personali 5, 6<\/li>\n<li><strong>Giocatore 2<\/strong>: carte personali 8, 9<\/li>\n<\/ul>\n<p><strong>In questo caso avviene lo SPLIT.<\/strong>[\/vc_column_text][vc_column_text]<\/p>\n<h3>CONSIDERAZIONI INTERESSANTI<\/h3>\n<p>Nel P.T. Walter <strong>non esiste lo SPLIT a tavola<\/strong>, salvo l&#8217;eccezione prima descritta, quindi allo showdown tra due o pi\u00f9 giocatori con carte personali diverse, tra un giocatore e l&#8217;altro, <strong>ci sar\u00e0 sempre un vincitore<\/strong>, anche se a tavola ci potrebbe essere un punto migliore da SPLIT classico come nel P.T. Hold&#8217;em.[\/vc_column_text][vc_column_text]<\/p>\n<h3>Poker a tavola<\/h3>\n<p>Nel P.T. Hold&#8217;em se a tavola c&#8217;\u00e8 Poker, cio\u00e8 quattro carte uguali, vincer\u00e0 la carta pi\u00f9 alta di uno dei giocatori; mentre <strong>nel P.T. Walter vincer\u00e0 la coppia che realizzer\u00e0 il Full maggiore in combinazione con le carte presenti a tavola<\/strong>. Dopo la coppia entreranno in gioco i valori delle due carte personali, realizzando un punto, cio\u00e8 Tris pi\u00f9 il valore delle due carte personali.[\/vc_column_text][vc_separator][vc_column_text]<\/p>\n<h4>REGOLAMENTO IDEATO E SCRITTO DA <em>TAMBURI WALTER<\/em>.<\/h4>\n<p>[\/vc_column_text][\/vc_column][\/vc_row][vc_row][vc_column]<div class=\"gem-button-container gem-button-position-center thegem-button-69e4a048e895a4087    \"  ><a title=\"https:\/\/pokertexaswalter.com\/it\/facciata-ptwpoker-texas-walter-ultima-stesura-combinato\/\" class=\"gem-button gem-button-size-small gem-button-style-flat gem-button-text-weight-normal gem-button-icon-position-left\" data-ll-effect=\"drop-right-without-wrap\" style=\"border-radius: 3px;\" onmouseleave=\"\" onmouseenter=\"\" href=\"https:\/\/pokertexaswalter.com\/it\/facciata-ptwpoker-texas-walter-ultima-stesura-combinato\/\" target=\"_blank\"><i class=\"gem-print-icon gem-icon-pack-material \">&#xf299;<\/i>Scarica il regolamento in PDF<\/a><\/div> [\/vc_column][\/vc_row]<\/p>\n<\/div>","protected":false},"excerpt":{"rendered":"<p>[vc_row][vc_column][\/vc_column][\/vc_row][vc_row][vc_column][vc_column_text] REGOLAMENTO DEL POKER TEXAS WALTER [\/vc_column_text][vc_column_text]Per giocare al POKER TEXAS WALTER, si utilizza un mazzo di carte francesi, escludendo&#8230;<\/p>\n","protected":false},"author":1,"featured_media":0,"parent":0,"menu_order":0,"comment_status":"closed","ping_status":"closed","template":"","meta":{"_acf_changed":false,"footnotes":""},"class_list":["post-33","page","type-page","status-publish"],"acf":[],"yoast_head":"<!-- This site is optimized with the Yoast SEO plugin v26.2 - https:\/\/yoast.com\/wordpress\/plugins\/seo\/ -->\n<title>Regolamento - Poker Texas Walter<\/title>\n<meta name=\"robots\" content=\"index, follow, max-snippet:-1, max-image-preview:large, max-video-preview:-1\" \/>\n<link rel=\"canonical\" href=\"https:\/\/pokertexaswalter.com\/it\/regolamento\/\" \/>\n<meta property=\"og:locale\" content=\"it_IT\" \/>\n<meta property=\"og:type\" content=\"article\" \/>\n<meta property=\"og:title\" content=\"Regolamento - Poker Texas Walter\" \/>\n<meta property=\"og:description\" content=\"[vc_row][vc_column][\/vc_column][\/vc_row][vc_row][vc_column][vc_column_text] REGOLAMENTO DEL POKER TEXAS WALTER [\/vc_column_text][vc_column_text]Per giocare al POKER TEXAS WALTER, si utilizza un mazzo di carte francesi, escludendo...\" \/>\n<meta property=\"og:url\" content=\"https:\/\/pokertexaswalter.com\/it\/regolamento\/\" \/>\n<meta property=\"og:site_name\" content=\"Poker Texas Walter\" \/>\n<meta property=\"article:modified_time\" content=\"2025-10-28T09:46:03+00:00\" \/>\n<meta name=\"twitter:card\" content=\"summary_large_image\" \/>\n<meta name=\"twitter:label1\" content=\"Tempo di lettura stimato\" \/>\n\t<meta name=\"twitter:data1\" content=\"5 minuti\" \/>\n<script type=\"application\/ld+json\" class=\"yoast-schema-graph\">{\"@context\":\"https:\/\/schema.org\",\"@graph\":[{\"@type\":\"WebPage\",\"@id\":\"https:\/\/pokertexaswalter.com\/it\/regolamento\/\",\"url\":\"https:\/\/pokertexaswalter.com\/it\/regolamento\/\",\"name\":\"Regolamento - Poker Texas Walter\",\"isPartOf\":{\"@id\":\"https:\/\/pokertexaswalter.com\/#website\"},\"datePublished\":\"2025-10-20T09:42:31+00:00\",\"dateModified\":\"2025-10-28T09:46:03+00:00\",\"breadcrumb\":{\"@id\":\"https:\/\/pokertexaswalter.com\/it\/regolamento\/#breadcrumb\"},\"inLanguage\":\"it-IT\",\"potentialAction\":[{\"@type\":\"ReadAction\",\"target\":[\"https:\/\/pokertexaswalter.com\/it\/regolamento\/\"]}]},{\"@type\":\"BreadcrumbList\",\"@id\":\"https:\/\/pokertexaswalter.com\/it\/regolamento\/#breadcrumb\",\"itemListElement\":[{\"@type\":\"ListItem\",\"position\":1,\"name\":\"Home\",\"item\":\"https:\/\/pokertexaswalter.com\/\"},{\"@type\":\"ListItem\",\"position\":2,\"name\":\"Regolamento\"}]},{\"@type\":\"WebSite\",\"@id\":\"https:\/\/pokertexaswalter.com\/#website\",\"url\":\"https:\/\/pokertexaswalter.com\/\",\"name\":\"Poker Texas Walter\",\"description\":\"\",\"publisher\":{\"@id\":\"https:\/\/pokertexaswalter.com\/#organization\"},\"potentialAction\":[{\"@type\":\"SearchAction\",\"target\":{\"@type\":\"EntryPoint\",\"urlTemplate\":\"https:\/\/pokertexaswalter.com\/?s={search_term_string}\"},\"query-input\":{\"@type\":\"PropertyValueSpecification\",\"valueRequired\":true,\"valueName\":\"search_term_string\"}}],\"inLanguage\":\"it-IT\"},{\"@type\":\"Organization\",\"@id\":\"https:\/\/pokertexaswalter.com\/#organization\",\"name\":\"Poker Texas Walter\",\"url\":\"https:\/\/pokertexaswalter.com\/\",\"logo\":{\"@type\":\"ImageObject\",\"inLanguage\":\"it-IT\",\"@id\":\"https:\/\/pokertexaswalter.com\/#\/schema\/logo\/image\/\",\"url\":\"https:\/\/pokertexaswalter.com\/wp-content\/uploads\/2025\/10\/logo-ptw-01.png\",\"contentUrl\":\"https:\/\/pokertexaswalter.com\/wp-content\/uploads\/2025\/10\/logo-ptw-01.png\",\"width\":814,\"height\":409,\"caption\":\"Poker Texas Walter\"},\"image\":{\"@id\":\"https:\/\/pokertexaswalter.com\/#\/schema\/logo\/image\/\"}}]}<\/script>\n<!-- \/ Yoast SEO plugin. -->","yoast_head_json":{"title":"Regolamento - Poker Texas Walter","robots":{"index":"index","follow":"follow","max-snippet":"max-snippet:-1","max-image-preview":"max-image-preview:large","max-video-preview":"max-video-preview:-1"},"canonical":"https:\/\/pokertexaswalter.com\/it\/regolamento\/","og_locale":"it_IT","og_type":"article","og_title":"Regolamento - Poker Texas Walter","og_description":"[vc_row][vc_column][\/vc_column][\/vc_row][vc_row][vc_column][vc_column_text] REGOLAMENTO DEL POKER TEXAS WALTER [\/vc_column_text][vc_column_text]Per giocare al POKER TEXAS WALTER, si utilizza un mazzo di carte francesi, escludendo...","og_url":"https:\/\/pokertexaswalter.com\/it\/regolamento\/","og_site_name":"Poker Texas Walter","article_modified_time":"2025-10-28T09:46:03+00:00","twitter_card":"summary_large_image","twitter_misc":{"Tempo di lettura stimato":"5 minuti"},"schema":{"@context":"https:\/\/schema.org","@graph":[{"@type":"WebPage","@id":"https:\/\/pokertexaswalter.com\/it\/regolamento\/","url":"https:\/\/pokertexaswalter.com\/it\/regolamento\/","name":"Regolamento - Poker Texas Walter","isPartOf":{"@id":"https:\/\/pokertexaswalter.com\/#website"},"datePublished":"2025-10-20T09:42:31+00:00","dateModified":"2025-10-28T09:46:03+00:00","breadcrumb":{"@id":"https:\/\/pokertexaswalter.com\/it\/regolamento\/#breadcrumb"},"inLanguage":"it-IT","potentialAction":[{"@type":"ReadAction","target":["https:\/\/pokertexaswalter.com\/it\/regolamento\/"]}]},{"@type":"BreadcrumbList","@id":"https:\/\/pokertexaswalter.com\/it\/regolamento\/#breadcrumb","itemListElement":[{"@type":"ListItem","position":1,"name":"Home","item":"https:\/\/pokertexaswalter.com\/"},{"@type":"ListItem","position":2,"name":"Regolamento"}]},{"@type":"WebSite","@id":"https:\/\/pokertexaswalter.com\/#website","url":"https:\/\/pokertexaswalter.com\/","name":"Poker Texas Walter","description":"","publisher":{"@id":"https:\/\/pokertexaswalter.com\/#organization"},"potentialAction":[{"@type":"SearchAction","target":{"@type":"EntryPoint","urlTemplate":"https:\/\/pokertexaswalter.com\/?s={search_term_string}"},"query-input":{"@type":"PropertyValueSpecification","valueRequired":true,"valueName":"search_term_string"}}],"inLanguage":"it-IT"},{"@type":"Organization","@id":"https:\/\/pokertexaswalter.com\/#organization","name":"Poker Texas Walter","url":"https:\/\/pokertexaswalter.com\/","logo":{"@type":"ImageObject","inLanguage":"it-IT","@id":"https:\/\/pokertexaswalter.com\/#\/schema\/logo\/image\/","url":"https:\/\/pokertexaswalter.com\/wp-content\/uploads\/2025\/10\/logo-ptw-01.png","contentUrl":"https:\/\/pokertexaswalter.com\/wp-content\/uploads\/2025\/10\/logo-ptw-01.png","width":814,"height":409,"caption":"Poker Texas Walter"},"image":{"@id":"https:\/\/pokertexaswalter.com\/#\/schema\/logo\/image\/"}}]}},"_links":{"self":[{"href":"https:\/\/pokertexaswalter.com\/it\/wp-json\/wp\/v2\/pages\/33","targetHints":{"allow":["GET"]}}],"collection":[{"href":"https:\/\/pokertexaswalter.com\/it\/wp-json\/wp\/v2\/pages"}],"about":[{"href":"https:\/\/pokertexaswalter.com\/it\/wp-json\/wp\/v2\/types\/page"}],"author":[{"embeddable":true,"href":"https:\/\/pokertexaswalter.com\/it\/wp-json\/wp\/v2\/users\/1"}],"replies":[{"embeddable":true,"href":"https:\/\/pokertexaswalter.com\/it\/wp-json\/wp\/v2\/comments?post=33"}],"version-history":[{"count":52,"href":"https:\/\/pokertexaswalter.com\/it\/wp-json\/wp\/v2\/pages\/33\/revisions"}],"predecessor-version":[{"id":530,"href":"https:\/\/pokertexaswalter.com\/it\/wp-json\/wp\/v2\/pages\/33\/revisions\/530"}],"wp:attachment":[{"href":"https:\/\/pokertexaswalter.com\/it\/wp-json\/wp\/v2\/media?parent=33"}],"curies":[{"name":"wp","href":"https:\/\/api.w.org\/{rel}","templated":true}]}}