{"id":33,"date":"2025-10-20T09:42:31","date_gmt":"2025-10-20T09:42:31","guid":{"rendered":"https:\/\/pokertexaswalter.com\/?page_id=33"},"modified":"2025-10-28T10:46:03","modified_gmt":"2025-10-28T09:46:03","slug":"regolamento","status":"publish","type":"page","link":"https:\/\/pokertexaswalter.com\/en\/regulations\/","title":{"rendered":"Regulations"},"content":{"rendered":"<div class=\"wpb-content-wrapper\"><p>[vc_row][vc_column]<div class=\"gem-button-container gem-button-position-center thegem-button-69e4b159462cb4421    \"  ><a title=\"https:\/\/pokertexaswalter.com\/it\/facciata-ptwpoker-texas-walter-ultima-stesura-combinato\/\" class=\"gem-button gem-button-size-small gem-button-style-flat gem-button-text-weight-normal gem-button-icon-position-left\" data-ll-effect=\"drop-right-without-wrap\" style=\"border-radius: 3px;\" onmouseleave=\"\" onmouseenter=\"\" href=\"https:\/\/pokertexaswalter.com\/it\/facciata-ptwpoker-texas-walter-ultima-stesura-combinato\/\" target=\"_blank\"><i class=\"gem-print-icon gem-icon-pack-material \">&#xf299;<\/i>Download the rules in PDF format<\/a><\/div> [\/vc_column][\/vc_row]<br \/>\n[vc_row][vc_column][vc_column_text]<\/p>\n<h2>TEXAS WALTER POKER RULES<\/h2>\n<p>[\/vc_column_text][vc_column_text]To play TEXAS WALTER POKER, a deck of French cards is used, excluding jokers, for a total of 52 cards. Basically, 13 cards are used for each suit, i.e., nine numbered cards (from 2 to 10), then the Jack, Queen, King, and Ace. The 2 has the lowest value and the Ace the highest. There are four suits: spades, hearts, diamonds, and clubs. When playing with a deck of cards, the number of players ranges from a minimum of two to a maximum of ten.[\/vc_column_text][vc_column_text]<\/p>\n<h3>MAIN FEATURE OF TEXAS WALTER POKER<\/h3>\n<p>Each player is dealt two personal cards (pocket cards) which are kept face down and must both be used to make the best possible hand, combining the two personal cards with three of the five community cards that are revealed in the center of the table in three separate actions: three cards on the flop, one on the turn, and one on the river. At this point, each player still in the game chooses three of the community cards to combine with their two personal cards, both of which must be used to make the final, best hand.[\/vc_column_text][vc_column_text]<\/p>\n<h3>ACHIEVABLE POINTS<\/h3>\n<ul>\n<li>High card + second card: high card + kicker<\/li>\n<li>Pair<\/li>\n<li>Two pair<\/li>\n<li>Three of a kind<\/li>\n<li>Straight<\/li>\n<li>Flush<\/li>\n<li>Full: full house or boat<\/li>\n<li>Poker: Four of a kind<\/li>\n<li>Straight flush<\/li>\n<li>Royal flush<\/li>\n<\/ul>\n<p>[\/vc_column_text][vc_column_text]The points described are common to Texas Hold&#8217;em Poker, as is the way the game is played: the distribution of personal cards, the actions to reveal the community cards on the table, the composition of the table: the button (dealer), small and big blind, pre-flop, post-flop, turn, and river actions. Unlike Texas Hold&#8217;em Poker, in Texas Walter Poker, in order to achieve one of the points described, both personal cards must be used, choosing three of the community cards on the table.[\/vc_column_text][vc_column_text]To win a hand, you must have a better combination of cards than your opponents remaining in the game at the showdown, i.e., when the personal cards are revealed, or you must have made a bet that no other player is willing to call.[\/vc_column_text][vc_column_text]<\/p>\n<h3>SPLIT OR DRAW<\/h3>\n<p>The characteristic feature of P.T. Walter is that there is no SPLIT on the table, only in the hand. With one exception. Let&#8217;s clarify: with the rule of having to use both personal cards, it follows that:<\/p>\n<ol>\n<li>Two identical cards, i.e., a pair, will never be able to achieve a flush, straight flush, or royal flush, so at the showdown between two players, if they have two identical pairs as their personal cards, there will be a SPLIT.<\/li>\n<li>If at the showdown two or more players (max. four) have the same connectors (two cards in sequence with a maximum of three cards between them), there is an immediate SPLIT.<\/li>\n<li>If, at the showdown, before the river, one of the players has connectors of the same suit, the community cards will be revealed until it is clear whether the player can complete their draw. If this possibility is denied by the number of cards of the same suit on the table and of the same suit as the player&#8217;s personal cards, a SPLIT will proceed.<\/li>\n<li>The same procedure described in point 3 will be followed if, at the showdown before the river, with equal value of personal cards, one or more players (max. four) have two cards of the same suit.<\/li>\n<\/ol>\n<p>From the rules stated so far, it can be deduced that the two personal cards, if they are not connectors, cannot form a straight, and if they are not of the same suit, they cannot form a flush, straight flush, or royal flush.[\/vc_column_text][vc_column_text]<\/p>\n<h3>EXCEPTION TO THE SPLIT RULE AT THE TABLE<\/h3>\n<p>SPLIT at the table occurs at the showdown if players show the same value on the scale, even if the connectors are different between players.<br \/>\nExample: there are four-fifths of a straight on the table: 5,6,7,8, player 1 has 8,9 and player 2 has 5,9, so a SPLIT occurs.<\/p>\n<ul>\n<li>At the table: scale 5, 6, 7, 8, 9<\/li>\n<li>Player 1: personal cards 5, 6<\/li>\n<li>Player 2: personal cards 8, 9<\/li>\n<\/ul>\n<p>In this case, a SPLIT occurs.[\/vc_column_text][vc_column_text]<\/p>\n<h3>CONSIDERAZIONI INTERESSANTI<\/h3>\n<p>Nel P.T. Walter non esiste lo SPLIT a tavola, salvo l&#8217;eccezione prima descritta, quindi allo showdown tra due o pi\u00f9 giocatori con carte personali diverse, tra un giocatore e l&#8217;altro, ci sar\u00e0 sempre un vincitore, anche se a tavola ci potrebbe essere un punto migliore da SPLIT classico come nel P.T. Hold&#8217;em.[\/vc_column_text][vc_column_text]<\/p>\n<h3>Poker a tavola<\/h3>\n<p>Nel P.T. Hold&#8217;em se a tavola c&#8217;\u00e8 Poker, cio\u00e8 quattro carte uguali, vincer\u00e0 la carta pi\u00f9 alta di uno dei giocatori; mentre nel P.T. Walter vincer\u00e0 la coppia che realizzer\u00e0 il Full maggiore in combinazione con le carte presenti a tavola. Dopo la coppia entreranno in gioco i valori delle due carte personali, realizzando un punto, cio\u00e8 Tris pi\u00f9 il valore delle due carte personali.[\/vc_column_text][vc_separator][vc_column_text]<\/p>\n<h4>REGOLAMENTO IDEATO E SCRITTO DA <em>TAMBURI WALTER<\/em>.<\/h4>\n<p>[\/vc_column_text][\/vc_column][\/vc_row][vc_row][vc_column]<div class=\"gem-button-container gem-button-position-center thegem-button-69e4b1594634e2045    \"  ><a title=\"https:\/\/pokertexaswalter.com\/it\/facciata-ptwpoker-texas-walter-ultima-stesura-combinato\/\" class=\"gem-button gem-button-size-small gem-button-style-flat gem-button-text-weight-normal gem-button-icon-position-left\" data-ll-effect=\"drop-right-without-wrap\" style=\"border-radius: 3px;\" onmouseleave=\"\" onmouseenter=\"\" href=\"https:\/\/pokertexaswalter.com\/it\/facciata-ptwpoker-texas-walter-ultima-stesura-combinato\/\" target=\"_blank\"><i class=\"gem-print-icon gem-icon-pack-material \">&#xf299;<\/i>Download the rules in PDF format<\/a><\/div> [\/vc_column][\/vc_row]<\/p>\n<\/div>","protected":false},"excerpt":{"rendered":"<p>[vc_row][vc_column]&#xf299;Download the rules in PDF format [\/vc_column][\/vc_row] [vc_row][vc_column][vc_column_text] TEXAS WALTER POKER RULES [\/vc_column_text][vc_column_text]To play TEXAS WALTER POKER, a deck of&#8230;<\/p>\n","protected":false},"author":1,"featured_media":0,"parent":0,"menu_order":0,"comment_status":"closed","ping_status":"closed","template":"","meta":{"_acf_changed":false,"footnotes":""},"class_list":["post-33","page","type-page","status-publish"],"acf":[],"yoast_head":"<!-- This site is optimized with the Yoast SEO plugin v26.2 - https:\/\/yoast.com\/wordpress\/plugins\/seo\/ -->\n<title>Regulations<\/title>\n<meta name=\"description\" content=\"[vc_row][vc_column][gem_button text=&quot;Download the rules in PDF format&quot; position=&quot;center&quot; corner=&quot;3&quot; icon_pack=&quot;material&quot; link=&quot;url:https%3A%2F%2Fpokertexaswalter.com%2Fit%2Ffacciata-ptwpoker-texas-walter-ultima-stesura-combinato%2F|title:https%3A%2F%2Fpokertexaswalter.com%2Fit%2Ffacciata-ptwpoker-texas-walter-ultima-stesura-combinato%2F|target:_blank&quot; icon_material=&quot;f299&quot;][\/vc_column][\/vc_row] [vc_row][vc_column][vc_column_text] TEXAS WALTER POKER RULES [\/vc_column_text][vc_column_text]To play TEXAS WALTER POKER, a deck of French cards is used, excluding jokers, for a total of 52 cards. Basically, 13 cards are used for each suit, i.e., nine numbered cards (from 2 to 10), then the&hellip;\" \/>\n<meta name=\"robots\" content=\"index, follow, max-snippet:-1, max-image-preview:large, max-video-preview:-1\" \/>\n<link rel=\"canonical\" href=\"\" \/>\n<meta property=\"og:locale\" content=\"en_GB\" \/>\n<meta property=\"og:type\" content=\"article\" \/>\n<meta property=\"og:title\" content=\"Regulations\" \/>\n<meta property=\"og:description\" content=\"[vc_row][vc_column][gem_button text=&quot;Download the rules in PDF format&quot; position=&quot;center&quot; corner=&quot;3&quot; icon_pack=&quot;material&quot; link=&quot;url:https%3A%2F%2Fpokertexaswalter.com%2Fit%2Ffacciata-ptwpoker-texas-walter-ultima-stesura-combinato%2F|title:https%3A%2F%2Fpokertexaswalter.com%2Fit%2Ffacciata-ptwpoker-texas-walter-ultima-stesura-combinato%2F|target:_blank&quot; icon_material=&quot;f299&quot;][\/vc_column][\/vc_row] [vc_row][vc_column][vc_column_text] TEXAS WALTER POKER RULES [\/vc_column_text][vc_column_text]To play TEXAS WALTER POKER, a deck of French cards is used, excluding jokers, for a total of 52 cards. Basically, 13 cards are used for each suit, i.e., nine numbered cards (from 2 to 10), then the&hellip;\" \/>\n<meta property=\"og:url\" content=\"https:\/\/pokertexaswalter.com\/en\/regulations\/\" \/>\n<meta property=\"og:site_name\" content=\"Poker Texas Walter\" \/>\n<meta property=\"article:modified_time\" content=\"2025-10-28T09:46:03+00:00\" \/>\n<meta name=\"twitter:card\" content=\"summary_large_image\" \/>\n<meta name=\"twitter:label1\" content=\"Estimated reading time\" \/>\n\t<meta name=\"twitter:data1\" content=\"5 minutes\" \/>\n<script type=\"application\/ld+json\" class=\"yoast-schema-graph\">{\"@context\":\"https:\/\/schema.org\",\"@graph\":[{\"@type\":\"WebPage\",\"@id\":\"https:\/\/pokertexaswalter.com\/en\/regulations\/\",\"url\":\"https:\/\/pokertexaswalter.com\/en\/regulations\/\",\"name\":\"Regolamento - Poker Texas Walter\",\"isPartOf\":{\"@id\":\"https:\/\/pokertexaswalter.com\/#website\"},\"datePublished\":\"2025-10-20T09:42:31+00:00\",\"dateModified\":\"2025-10-28T09:46:03+00:00\",\"breadcrumb\":{\"@id\":\"https:\/\/pokertexaswalter.com\/en\/regulations\/#breadcrumb\"},\"inLanguage\":\"en-GB\",\"potentialAction\":[{\"@type\":\"ReadAction\",\"target\":[\"https:\/\/pokertexaswalter.com\/en\/regulations\/\"]}]},{\"@type\":\"BreadcrumbList\",\"@id\":\"https:\/\/pokertexaswalter.com\/en\/regulations\/#breadcrumb\",\"itemListElement\":[{\"@type\":\"ListItem\",\"position\":1,\"name\":\"Homepage\",\"item\":\"https:\/\/pokertexaswalter.com\/\"},{\"@type\":\"ListItem\",\"position\":2,\"name\":\"Regulations\"}]},{\"@type\":\"WebSite\",\"@id\":\"https:\/\/pokertexaswalter.com\/en\/#website\",\"url\":\"https:\/\/pokertexaswalter.com\/en\/\",\"name\":\"Poker Texas Walter\",\"description\":\"\",\"publisher\":{\"@id\":\"https:\/\/pokertexaswalter.com\/en\/#organization\"},\"potentialAction\":[{\"@type\":\"SearchAction\",\"target\":{\"@type\":\"EntryPoint\",\"urlTemplate\":\"https:\/\/pokertexaswalter.com\/en\/?s={search_term_string}\"},\"query-input\":{\"@type\":\"PropertyValueSpecification\",\"valueRequired\":true,\"valueName\":\"search_term_string\"}}],\"inLanguage\":\"en-GB\"},{\"@type\":\"Organization\",\"@id\":\"https:\/\/pokertexaswalter.com\/en\/#organization\",\"name\":\"Poker Texas Walter\",\"url\":\"https:\/\/pokertexaswalter.com\/en\/\",\"logo\":{\"@type\":\"ImageObject\",\"inLanguage\":\"en-GB\",\"@id\":\"https:\/\/pokertexaswalter.com\/en\/#\/schema\/logo\/image\/\",\"url\":\"https:\/\/pokertexaswalter.com\/wp-content\/uploads\/2025\/10\/logo-ptw-01.png\",\"contentUrl\":\"https:\/\/pokertexaswalter.com\/wp-content\/uploads\/2025\/10\/logo-ptw-01.png\",\"width\":814,\"height\":409,\"caption\":\"Poker Texas Walter\"},\"image\":{\"@id\":\"https:\/\/pokertexaswalter.com\/en\/#\/schema\/logo\/image\/\"}}]}<\/script>\n<!-- \/ Yoast SEO plugin. -->","yoast_head_json":{"title":"Regulations","description":"[vc_row][vc_column][gem_button text=\"Download the rules in PDF format\" position=\"center\" corner=\"3\" icon_pack=\"material\" link=\"url:https%3A%2F%2Fpokertexaswalter.com%2Fit%2Ffacciata-ptwpoker-texas-walter-ultima-stesura-combinato%2F|title:https%3A%2F%2Fpokertexaswalter.com%2Fit%2Ffacciata-ptwpoker-texas-walter-ultima-stesura-combinato%2F|target:_blank\" icon_material=\"f299\"][\/vc_column][\/vc_row] [vc_row][vc_column][vc_column_text] TEXAS WALTER POKER RULES [\/vc_column_text][vc_column_text]To play TEXAS WALTER POKER, a deck of French cards is used, excluding jokers, for a total of 52 cards. Basically, 13 cards are used for each suit, i.e., nine numbered cards (from 2 to 10), then the&hellip;","robots":{"index":"index","follow":"follow","max-snippet":"max-snippet:-1","max-image-preview":"max-image-preview:large","max-video-preview":"max-video-preview:-1"},"canonical":"[vc_row][vc_column][gem_button text=\"Download the rules in PDF format\" position=\"center\" corner=\"3\" icon_pack=\"material\" link=\"url:https:\/\/pokertexaswalter.com\/it\/facciata-ptwpoker-texas-walter-ultima-stesura-combinato\/|title:https:\/\/pokertexaswalter.com\/it\/facciata-ptwpoker-texas-walter-ultima-stesura-combinato\/|target:_blank\" icon_material=\"f299\"][\/vc_column][\/vc_row] [vc_row][vc_column][vc_column_text] TEXAS WALTER POKER RULES [\/vc_column_text][vc_column_text]To play TEXAS WALTER POKER, a deck of French cards is used, excluding jokers, for a total of 52 cards. Basically, 13 cards are used for each suit, i.e., nine numbered cards (from 2 to 10), then the&hellip;","og_locale":"en_GB","og_type":"article","og_title":"Regulations","og_description":"[vc_row][vc_column][gem_button text=\"Download the rules in PDF format\" position=\"center\" corner=\"3\" icon_pack=\"material\" link=\"url:https%3A%2F%2Fpokertexaswalter.com%2Fit%2Ffacciata-ptwpoker-texas-walter-ultima-stesura-combinato%2F|title:https%3A%2F%2Fpokertexaswalter.com%2Fit%2Ffacciata-ptwpoker-texas-walter-ultima-stesura-combinato%2F|target:_blank\" icon_material=\"f299\"][\/vc_column][\/vc_row] [vc_row][vc_column][vc_column_text] TEXAS WALTER POKER RULES [\/vc_column_text][vc_column_text]To play TEXAS WALTER POKER, a deck of French cards is used, excluding jokers, for a total of 52 cards. Basically, 13 cards are used for each suit, i.e., nine numbered cards (from 2 to 10), then the&hellip;","og_url":"https:\/\/pokertexaswalter.com\/en\/regulations\/","og_site_name":"Poker Texas Walter","article_modified_time":"2025-10-28T09:46:03+00:00","twitter_card":"summary_large_image","twitter_misc":{"Estimated reading time":"5 minutes"},"schema":{"@context":"https:\/\/schema.org","@graph":[{"@type":"WebPage","@id":"https:\/\/pokertexaswalter.com\/en\/regulations\/","url":"https:\/\/pokertexaswalter.com\/en\/regulations\/","name":"Regolamento - Poker Texas Walter","isPartOf":{"@id":"https:\/\/pokertexaswalter.com\/#website"},"datePublished":"2025-10-20T09:42:31+00:00","dateModified":"2025-10-28T09:46:03+00:00","breadcrumb":{"@id":"https:\/\/pokertexaswalter.com\/en\/regulations\/#breadcrumb"},"inLanguage":"en-GB","potentialAction":[{"@type":"ReadAction","target":["https:\/\/pokertexaswalter.com\/en\/regulations\/"]}]},{"@type":"BreadcrumbList","@id":"https:\/\/pokertexaswalter.com\/en\/regulations\/#breadcrumb","itemListElement":[{"@type":"ListItem","position":1,"name":"Homepage","item":"https:\/\/pokertexaswalter.com\/"},{"@type":"ListItem","position":2,"name":"Regulations"}]},{"@type":"WebSite","@id":"https:\/\/pokertexaswalter.com\/en\/#website","url":"https:\/\/pokertexaswalter.com\/en\/","name":"Poker Texas Walter","description":"","publisher":{"@id":"https:\/\/pokertexaswalter.com\/en\/#organization"},"potentialAction":[{"@type":"SearchAction","target":{"@type":"EntryPoint","urlTemplate":"https:\/\/pokertexaswalter.com\/en\/?s={search_term_string}"},"query-input":{"@type":"PropertyValueSpecification","valueRequired":true,"valueName":"search_term_string"}}],"inLanguage":"en-GB"},{"@type":"Organization","@id":"https:\/\/pokertexaswalter.com\/en\/#organization","name":"Poker Texas Walter","url":"https:\/\/pokertexaswalter.com\/en\/","logo":{"@type":"ImageObject","inLanguage":"en-GB","@id":"https:\/\/pokertexaswalter.com\/en\/#\/schema\/logo\/image\/","url":"https:\/\/pokertexaswalter.com\/wp-content\/uploads\/2025\/10\/logo-ptw-01.png","contentUrl":"https:\/\/pokertexaswalter.com\/wp-content\/uploads\/2025\/10\/logo-ptw-01.png","width":814,"height":409,"caption":"Poker Texas Walter"},"image":{"@id":"https:\/\/pokertexaswalter.com\/en\/#\/schema\/logo\/image\/"}}]}},"_links":{"self":[{"href":"https:\/\/pokertexaswalter.com\/en\/wp-json\/wp\/v2\/pages\/33","targetHints":{"allow":["GET"]}}],"collection":[{"href":"https:\/\/pokertexaswalter.com\/en\/wp-json\/wp\/v2\/pages"}],"about":[{"href":"https:\/\/pokertexaswalter.com\/en\/wp-json\/wp\/v2\/types\/page"}],"author":[{"embeddable":true,"href":"https:\/\/pokertexaswalter.com\/en\/wp-json\/wp\/v2\/users\/1"}],"replies":[{"embeddable":true,"href":"https:\/\/pokertexaswalter.com\/en\/wp-json\/wp\/v2\/comments?post=33"}],"version-history":[{"count":52,"href":"https:\/\/pokertexaswalter.com\/en\/wp-json\/wp\/v2\/pages\/33\/revisions"}],"predecessor-version":[{"id":530,"href":"https:\/\/pokertexaswalter.com\/en\/wp-json\/wp\/v2\/pages\/33\/revisions\/530"}],"wp:attachment":[{"href":"https:\/\/pokertexaswalter.com\/en\/wp-json\/wp\/v2\/media?parent=33"}],"curies":[{"name":"wp","href":"https:\/\/api.w.org\/{rel}","templated":true}]}}